{"id":3076,"date":"2020-06-12T22:24:42","date_gmt":"2020-06-12T22:24:42","guid":{"rendered":"https:\/\/www.gamingzombies.com\/reviews-cloned-at-2021-08-21-080102\/"},"modified":"2023-08-30T14:29:06","modified_gmt":"2023-08-30T14:29:06","slug":"products","status":"publish","type":"page","link":"https:\/\/www.gamingzombies.com\/fr\/products\/","title":{"rendered":"Marque de jeu DFY"},"content":{"rendered":"<p>Let&#8217;s cut the fluff:You&#8217;re looking for an all-in-one platform that will help you build your own gaming brand by creating EVERYTHING from your gaming logo to your gaming channel&#8230;.without you having to lift a finger.&nbsp;And what&#8217;s more:You want the branding to be consistent.&nbsp;You want it done quickly.&nbsp;And you want it to work across Facebook, YouTube and Twitch.&nbsp;Right?Well, then, you&#8217;re in the right place.&nbsp;You see, here at Gaming Zombies we offer a simple 2-step process where you can get all of that done for you in 24 hours or less:<\/p>\n<h4><a href=\"https:\/\/www.gamingzombies.com\/fr\/ultimate\/gaming\/logo\/\">\u00c9TAPE #1\u00a0: paquet de logos<\/a><\/h4>\n<p>R\u00e9pondez \u00e0 4 questions et obtenez le logo de jeu ULTIMATE con\u00e7u en seulement 24 heures.<\/p>\n<p><a href=\"https:\/\/www.gamingzombies.com\/fr\/ultimate\/gaming\/logo\/\" target=\"_self\" data-op-action=\"link\" data-op3-smooth-scroll=\"\" rel=\"noopener\"><img loading=\"lazy\" decoding=\"async\" src=\"https:\/\/www.gamingzombies.com\/wp-content\/uploads\/2021\/08\/Step-1.png\" alt=\"\" title=\"\u00c9tape #1\" width=\"1000\" height=\"1000\" data-op3-attachment-id=\"3081\" \/><\/a><\/p>\n<p><a href=\"https:\/\/www.gamingzombies.com\/fr\/ultimate\/gaming\/logo\/\" style=\"color: rgb(255, 255, 255);\">COMMENCEZ MAINTENANT<\/a><\/p>\n<\/p>\n<h4><a href=\"https:\/\/www.gamingzombies.com\/fr\/ultimate\/stream\/package\/\">\u00e9tape #2\u00a0: package de flux<\/a><\/h4>\n<p>T\u00e9l\u00e9chargez votre logo et concevez ENTI\u00c8REMENT votre cha\u00eene en seulement 24 heures.<\/p>\n<p><a href=\"https:\/\/www.gamingzombies.com\/fr\/ultimate\/stream\/package\/\" target=\"_self\" data-op-action=\"link\" data-op3-smooth-scroll=\"\" rel=\"noopener\"><img loading=\"lazy\" decoding=\"async\" src=\"https:\/\/www.gamingzombies.com\/wp-content\/uploads\/2021\/08\/Step-2.png\" alt=\"\" title=\"\u00c9tape #2\" width=\"1000\" height=\"1000\" data-op3-attachment-id=\"3082\" \/><\/a><\/p>\n<p><a href=\"https:\/\/www.gamingzombies.com\/fr\/ultimate\/stream\/package\/\" style=\"color: rgb(255, 255, 255);\">COMMENCEZ MAINTENANT<\/a><\/p>\n<\/p>\n<p>That&#8217;s all there is to it.&nbsp;First, you <a href=\"https:\/\/www.gamingzombies.com\/fr\/ultimate\/gaming\/logo\/\">r\u00e9pondez \u00e0 4 questions simples<\/a> to get your gaming logo designed by us.&nbsp;Second, you <a href=\"https:\/\/www.gamingzombies.com\/fr\/ultimate\/stream\/package\/\">t\u00e9l\u00e9chargez votre logo<\/a> to get your entire channel designed by us.&nbsp;Make sense?Awesome.&nbsp;Oh, and if you want proof we&#8217;re legit, you can go <a href=\"https:\/\/www.gamingzombies.com\/fr\/are-gaming-zombies-legit\/\" target=\"_blank\" rel=\"noopener\">ici<\/a>.&nbsp;<a href=\"https:\/\/www.gamingzombies.com\/fr\/reviews\/\" target=\"_blank\" rel=\"noopener\">Ici<\/a>.&nbsp;Annnnd <a href=\"https:\/\/www.instagram.com\/lovedayzombies\" target=\"_blank\" style=\"\" rel=\"noopener\">ici<\/a>.&nbsp;Have fun gaming!-Zak<\/p>","protected":false},"excerpt":{"rendered":"<p>Let&#8217;s cut the fluff:You&#8217;re looking for an all-in-one platform that will help you build your own gaming brand by creating EVERYTHING from your gaming logo to your gaming channel&#8230;.without you having to lift a finger.&nbsp;And what&#8217;s more:You want the branding to be consistent.&nbsp;You want it done quickly.&nbsp;And you want it to work across Facebook, YouTube [&hellip;]<\/p>\n","protected":false},"author":1,"featured_media":0,"parent":0,"menu_order":0,"comment_status":"closed","ping_status":"closed","template":"","meta":{"footnotes":""},"class_list":["post-3076","page","type-page","status-publish","hentry"],"yoast_head":"<!-- This site is optimized with the Yoast SEO plugin v27.4 - https:\/\/yoast.com\/product\/yoast-seo-wordpress\/ -->\n<title>Get Your Gaming Brand Created In 2 Simple Steps | Gaming Zombies<\/title>\n<meta name=\"description\" content=\"Let&#039;s cut the fluff. Use this simple 2-step process to get your ENTIRE gaming brand designed for you in just 24 hours.\" \/>\n<meta name=\"robots\" content=\"index, follow, max-snippet:-1, max-image-preview:large, max-video-preview:-1\" \/>\n<link rel=\"canonical\" href=\"https:\/\/www.gamingzombies.com\/fr\/products\/\" \/>\n<meta property=\"og:locale\" content=\"fr_FR\" \/>\n<meta property=\"og:type\" content=\"article\" \/>\n<meta property=\"og:title\" content=\"Get Your Gaming Brand Created In 2 Simple Steps | Gaming Zombies\" \/>\n<meta property=\"og:description\" content=\"Let&#039;s cut the fluff. Use this simple 2-step process to get your ENTIRE gaming brand designed for you in just 24 hours.\" \/>\n<meta property=\"og:url\" content=\"https:\/\/www.gamingzombies.com\/fr\/products\/\" \/>\n<meta property=\"og:site_name\" content=\"Gaming Zombies\" \/>\n<meta property=\"article:publisher\" content=\"https:\/\/www.facebook.com\/gamingzombiesteam\" \/>\n<meta property=\"article:modified_time\" content=\"2023-08-30T14:29:06+00:00\" \/>\n<meta property=\"og:image\" content=\"https:\/\/www.gamingzombies.com\/wp-content\/uploads\/2021\/08\/Step-1.png\" \/>\n<meta name=\"twitter:card\" content=\"summary_large_image\" \/>\n<meta name=\"twitter:label1\" content=\"Dur\u00e9e de lecture estim\u00e9e\" \/>\n\t<meta name=\"twitter:data1\" content=\"2 minutes\" \/>\n<script type=\"application\/ld+json\" class=\"yoast-schema-graph\">{\"@context\":\"https:\\\/\\\/schema.org\",\"@graph\":[{\"@type\":\"WebPage\",\"@id\":\"https:\\\/\\\/www.gamingzombies.com\\\/products\\\/\",\"url\":\"https:\\\/\\\/www.gamingzombies.com\\\/products\\\/\",\"name\":\"Get Your Gaming Brand Created In 2 Simple Steps | Gaming Zombies\",\"isPartOf\":{\"@id\":\"https:\\\/\\\/www.gamingzombies.com\\\/#website\"},\"primaryImageOfPage\":{\"@id\":\"https:\\\/\\\/www.gamingzombies.com\\\/products\\\/#primaryimage\"},\"image\":{\"@id\":\"https:\\\/\\\/www.gamingzombies.com\\\/products\\\/#primaryimage\"},\"thumbnailUrl\":\"https:\\\/\\\/www.gamingzombies.com\\\/wp-content\\\/uploads\\\/2021\\\/08\\\/Step-1.png\",\"datePublished\":\"2020-06-12T22:24:42+00:00\",\"dateModified\":\"2023-08-30T14:29:06+00:00\",\"description\":\"Let's cut the fluff. Use this simple 2-step process to get your ENTIRE gaming brand designed for you in just 24 hours.\",\"breadcrumb\":{\"@id\":\"https:\\\/\\\/www.gamingzombies.com\\\/products\\\/#breadcrumb\"},\"inLanguage\":\"fr-FR\",\"potentialAction\":[{\"@type\":\"ReadAction\",\"target\":[\"https:\\\/\\\/www.gamingzombies.com\\\/products\\\/\"]}]},{\"@type\":\"ImageObject\",\"inLanguage\":\"fr-FR\",\"@id\":\"https:\\\/\\\/www.gamingzombies.com\\\/products\\\/#primaryimage\",\"url\":\"https:\\\/\\\/www.gamingzombies.com\\\/wp-content\\\/uploads\\\/2021\\\/08\\\/Step-1.png\",\"contentUrl\":\"https:\\\/\\\/www.gamingzombies.com\\\/wp-content\\\/uploads\\\/2021\\\/08\\\/Step-1.png\"},{\"@type\":\"BreadcrumbList\",\"@id\":\"https:\\\/\\\/www.gamingzombies.com\\\/products\\\/#breadcrumb\",\"itemListElement\":[{\"@type\":\"ListItem\",\"position\":1,\"name\":\"Home\",\"item\":\"https:\\\/\\\/www.gamingzombies.com\\\/\"},{\"@type\":\"ListItem\",\"position\":2,\"name\":\"DFY Gaming Brand\"}]},{\"@type\":\"WebSite\",\"@id\":\"https:\\\/\\\/www.gamingzombies.com\\\/#website\",\"url\":\"https:\\\/\\\/www.gamingzombies.com\\\/\",\"name\":\"Gaming Zombies\",\"description\":\"Answer 4 questions. Get a gaming logo.\",\"publisher\":{\"@id\":\"https:\\\/\\\/www.gamingzombies.com\\\/#organization\"},\"potentialAction\":[{\"@type\":\"SearchAction\",\"target\":{\"@type\":\"EntryPoint\",\"urlTemplate\":\"https:\\\/\\\/www.gamingzombies.com\\\/?s={search_term_string}\"},\"query-input\":{\"@type\":\"PropertyValueSpecification\",\"valueRequired\":true,\"valueName\":\"search_term_string\"}}],\"inLanguage\":\"fr-FR\"},{\"@type\":\"Organization\",\"@id\":\"https:\\\/\\\/www.gamingzombies.com\\\/#organization\",\"name\":\"Gaming Zombies\",\"url\":\"https:\\\/\\\/www.gamingzombies.com\\\/\",\"logo\":{\"@type\":\"ImageObject\",\"inLanguage\":\"fr-FR\",\"@id\":\"https:\\\/\\\/www.gamingzombies.com\\\/#\\\/schema\\\/logo\\\/image\\\/\",\"url\":\"https:\\\/\\\/www.gamingzombies.com\\\/wp-content\\\/uploads\\\/2020\\\/09\\\/Logo-220-1.png\",\"contentUrl\":\"https:\\\/\\\/www.gamingzombies.com\\\/wp-content\\\/uploads\\\/2020\\\/09\\\/Logo-220-1.png\",\"width\":220,\"height\":269,\"caption\":\"Gaming Zombies\"},\"image\":{\"@id\":\"https:\\\/\\\/www.gamingzombies.com\\\/#\\\/schema\\\/logo\\\/image\\\/\"},\"sameAs\":[\"https:\\\/\\\/www.facebook.com\\\/gamingzombiesteam\",\"https:\\\/\\\/www.instagram.com\\\/lovedayzombies\"]}]}<\/script>\n<!-- \/ Yoast SEO plugin. -->","yoast_head_json":{"title":"Get Your Gaming Brand Created In 2 Simple Steps | Gaming Zombies","description":"Let's cut the fluff. Use this simple 2-step process to get your ENTIRE gaming brand designed for you in just 24 hours.","robots":{"index":"index","follow":"follow","max-snippet":"max-snippet:-1","max-image-preview":"max-image-preview:large","max-video-preview":"max-video-preview:-1"},"canonical":"https:\/\/www.gamingzombies.com\/fr\/products\/","og_locale":"fr_FR","og_type":"article","og_title":"Get Your Gaming Brand Created In 2 Simple Steps | Gaming Zombies","og_description":"Let's cut the fluff. Use this simple 2-step process to get your ENTIRE gaming brand designed for you in just 24 hours.","og_url":"https:\/\/www.gamingzombies.com\/fr\/products\/","og_site_name":"Gaming Zombies","article_publisher":"https:\/\/www.facebook.com\/gamingzombiesteam","article_modified_time":"2023-08-30T14:29:06+00:00","og_image":[{"url":"https:\/\/www.gamingzombies.com\/wp-content\/uploads\/2021\/08\/Step-1.png","type":"","width":"","height":""}],"twitter_card":"summary_large_image","twitter_misc":{"Dur\u00e9e de lecture estim\u00e9e":"2 minutes"},"schema":{"@context":"https:\/\/schema.org","@graph":[{"@type":"WebPage","@id":"https:\/\/www.gamingzombies.com\/products\/","url":"https:\/\/www.gamingzombies.com\/products\/","name":"Get Your Gaming Brand Created In 2 Simple Steps | Gaming Zombies","isPartOf":{"@id":"https:\/\/www.gamingzombies.com\/#website"},"primaryImageOfPage":{"@id":"https:\/\/www.gamingzombies.com\/products\/#primaryimage"},"image":{"@id":"https:\/\/www.gamingzombies.com\/products\/#primaryimage"},"thumbnailUrl":"https:\/\/www.gamingzombies.com\/wp-content\/uploads\/2021\/08\/Step-1.png","datePublished":"2020-06-12T22:24:42+00:00","dateModified":"2023-08-30T14:29:06+00:00","description":"Let's cut the fluff. Use this simple 2-step process to get your ENTIRE gaming brand designed for you in just 24 hours.","breadcrumb":{"@id":"https:\/\/www.gamingzombies.com\/products\/#breadcrumb"},"inLanguage":"fr-FR","potentialAction":[{"@type":"ReadAction","target":["https:\/\/www.gamingzombies.com\/products\/"]}]},{"@type":"ImageObject","inLanguage":"fr-FR","@id":"https:\/\/www.gamingzombies.com\/products\/#primaryimage","url":"https:\/\/www.gamingzombies.com\/wp-content\/uploads\/2021\/08\/Step-1.png","contentUrl":"https:\/\/www.gamingzombies.com\/wp-content\/uploads\/2021\/08\/Step-1.png"},{"@type":"BreadcrumbList","@id":"https:\/\/www.gamingzombies.com\/products\/#breadcrumb","itemListElement":[{"@type":"ListItem","position":1,"name":"Home","item":"https:\/\/www.gamingzombies.com\/"},{"@type":"ListItem","position":2,"name":"DFY Gaming Brand"}]},{"@type":"WebSite","@id":"https:\/\/www.gamingzombies.com\/#website","url":"https:\/\/www.gamingzombies.com\/","name":"Zombies de jeu","description":"R\u00e9pondez \u00e0 4 questions. Obtenez un logo de jeu.","publisher":{"@id":"https:\/\/www.gamingzombies.com\/#organization"},"potentialAction":[{"@type":"SearchAction","target":{"@type":"EntryPoint","urlTemplate":"https:\/\/www.gamingzombies.com\/?s={search_term_string}"},"query-input":{"@type":"PropertyValueSpecification","valueRequired":true,"valueName":"search_term_string"}}],"inLanguage":"fr-FR"},{"@type":"Organization","@id":"https:\/\/www.gamingzombies.com\/#organization","name":"Zombies de jeu","url":"https:\/\/www.gamingzombies.com\/","logo":{"@type":"ImageObject","inLanguage":"fr-FR","@id":"https:\/\/www.gamingzombies.com\/#\/schema\/logo\/image\/","url":"https:\/\/www.gamingzombies.com\/wp-content\/uploads\/2020\/09\/Logo-220-1.png","contentUrl":"https:\/\/www.gamingzombies.com\/wp-content\/uploads\/2020\/09\/Logo-220-1.png","width":220,"height":269,"caption":"Gaming Zombies"},"image":{"@id":"https:\/\/www.gamingzombies.com\/#\/schema\/logo\/image\/"},"sameAs":["https:\/\/www.facebook.com\/gamingzombiesteam","https:\/\/www.instagram.com\/lovedayzombies"]}]}},"_links":{"self":[{"href":"https:\/\/www.gamingzombies.com\/fr\/wp-json\/wp\/v2\/pages\/3076","targetHints":{"allow":["GET"]}}],"collection":[{"href":"https:\/\/www.gamingzombies.com\/fr\/wp-json\/wp\/v2\/pages"}],"about":[{"href":"https:\/\/www.gamingzombies.com\/fr\/wp-json\/wp\/v2\/types\/page"}],"author":[{"embeddable":true,"href":"https:\/\/www.gamingzombies.com\/fr\/wp-json\/wp\/v2\/users\/1"}],"replies":[{"embeddable":true,"href":"https:\/\/www.gamingzombies.com\/fr\/wp-json\/wp\/v2\/comments?post=3076"}],"version-history":[{"count":23,"href":"https:\/\/www.gamingzombies.com\/fr\/wp-json\/wp\/v2\/pages\/3076\/revisions"}],"predecessor-version":[{"id":4138,"href":"https:\/\/www.gamingzombies.com\/fr\/wp-json\/wp\/v2\/pages\/3076\/revisions\/4138"}],"wp:attachment":[{"href":"https:\/\/www.gamingzombies.com\/fr\/wp-json\/wp\/v2\/media?parent=3076"}],"curies":[{"name":"wp","href":"https:\/\/api.w.org\/{rel}","templated":true}]}}